

{"id":3791,"date":"2018-01-13T13:27:22","date_gmt":"2018-01-13T13:27:22","guid":{"rendered":"https:\/\/www.compu-tecnia.com\/index.php\/booking\/"},"modified":"2020-12-31T17:44:23","modified_gmt":"2020-12-31T23:44:23","slug":"booking","status":"publish","type":"page","link":"https:\/\/www.compu-tecnia.com\/index.php\/booking\/","title":{"rendered":"Cita"},"content":{"rendered":"<p>[vc_row full_width=&#8221;stretch_row&#8221; gap=&#8221;15&#8243; pix_padding_top=&#8221;pix-padding-top-xl&#8221; gradient_colors=&#8221;%5B%7B%7D%5D&#8221; awb_type=&#8221;color&#8221; awb_color=&#8221;#f7f8f9&#8243; pix_padding=&#8221;pix-padding-both&#8221; pix_padding_size=&#8221;pix-padding-xl&#8221;][vc_column width=&#8221;1\/3&#8243;][common_icon_box style=&#8221;pix-item-default pix-item-default-bordered&#8221; icon_type=&#8221;font&#8221; icon_pixsimple=&#8221;icon-calendar&#8221; icon_size=&#8221;pix-icon-m&#8221; position_with_center=&#8221;pix-text-center&#8221; link=&#8221;|||&#8221; title=&#8221;Se trabaja sobre programaci\u00f3n de cita&#8221;]Mayor aprecio y preocupaci\u00f3n por las inversiones de nuestros clientes junto a la mejor experiencia humana.[\/common_icon_box][vc_empty_space height=&#8221;20px&#8221;][common_icon_box style=&#8221;pix-item-default pix-item-default-bordered&#8221; icon_type=&#8221;font&#8221; icon_pixsimple=&#8221;icon-book-open&#8221; icon_size=&#8221;pix-icon-m&#8221; position_with_center=&#8221;pix-text-center&#8221; link=&#8221;|||&#8221; title=&#8221;Soporte Remoto&#8221;]Tendr\u00e1s una r\u00e1pida soluci\u00f3n a tus problemas con la computadora, sistema o red inform\u00e1tica.[\/common_icon_box][\/vc_column][vc_column width=&#8221;1\/3&#8243;][common_icon_box style=&#8221;pix-item-default pix-item-default-bordered&#8221; icon_type=&#8221;font&#8221; icon_pixsimple=&#8221;icon-wallet&#8221; icon_size=&#8221;pix-icon-m&#8221; position_with_center=&#8221;pix-text-center&#8221; link=&#8221;|||&#8221; title=&#8221;Bajo costo del servicio&#8221;]Ya que se evita la visita f\u00edsica, el servicio es m\u00e1s econ\u00f3mico[\/common_icon_box][vc_empty_space height=&#8221;79px&#8221;][common_icon_box style=&#8221;pix-item-default pix-item-default-bordered&#8221; icon_type=&#8221;font&#8221; icon_pixsimple=&#8221;icon-user-follow&#8221; icon_size=&#8221;pix-icon-m&#8221; position_with_center=&#8221;pix-text-center&#8221; link=&#8221;|||&#8221; title=&#8221;Servicio Garantizado&#8221;]Si no est\u00e1s satisfecho con el servicio proporcionado, no se realiza el cargo a tu cuenta.[\/common_icon_box][\/vc_column][vc_column width=&#8221;1\/3&#8243;][common_icon_box style=&#8221;pix-item-default pix-item-default-bordered&#8221; icon_type=&#8221;font&#8221; icon_pixsimple=&#8221;icon-badge&#8221; icon_size=&#8221;pix-icon-m&#8221; position_with_center=&#8221;pix-text-center&#8221; link=&#8221;|||&#8221; title=&#8221;Especialistas con experiencia&#8221;]M\u00e1s de 17 a\u00f1os nos respaldan[\/common_icon_box][vc_empty_space height=&#8221;111px&#8221;][common_icon_box style=&#8221;pix-item-default pix-item-default-bordered&#8221; icon_type=&#8221;font&#8221; icon_pixsimple=&#8221;icon-star&#8221; icon_size=&#8221;pix-icon-m&#8221; position_with_center=&#8221;pix-text-center&#8221; link=&#8221;|||&#8221; title=&#8221;Soporte Personalizado&#8221;]Ten la confianza de que se te podr\u00e1 ayudar sin importar el problema que tengas con el equipo e independientemente del conocimiento que tengas sobre el tema.[\/common_icon_box][\/vc_column][\/vc_row][vc_row full_width=&#8221;stretch_row&#8221; gap=&#8221;35&#8243; content_placement=&#8221;middle&#8221; pix_padding_bottom=&#8221;pix-padding-bottom-s&#8221; gradient_colors=&#8221;%5B%7B%7D%5D&#8221; awb_type=&#8221;image&#8221; awb_stretch=&#8221;1&#8243; awb_color=&#8221;rgba(255,255,255,0.75)&#8221; pix_padding=&#8221;pix-padding-bottom&#8221;][vc_column gradient_colors=&#8221;%5B%7B%7D%5D&#8221;][vc_row_inner][vc_column_inner width=&#8221;1\/2&#8243;][common_title title=&#8221;Crear Cita Virtual&#8221; position=&#8221;text-left&#8221; show_decor=&#8221;off&#8221;][\/vc_column_inner][vc_column_inner width=&#8221;1\/2&#8243;][vc_empty_space height=&#8221;30px&#8221;][common_button text=&#8221;o escribirnos&#8221; link=&#8221;url:%2Findex.php%2Fcontacto%2F&#8221; radius=&#8221;pix-rounded&#8221; size_v=&#8221;pix-v-l&#8221; color=&#8221;pix-dark&#8221; position=&#8221;pix-text-right&#8221;][\/vc_column_inner][\/vc_row_inner][vc_empty_space height=&#8221;30px&#8221;][common_appointment calendar_type=&#8221;single&#8221; calendar_id=&#8221;0&#8243;][\/vc_column][\/vc_row]<\/p>\n","protected":false},"excerpt":{"rendered":"<p>[vc_row full_width=&#8221;stretch_row&#8221; gap=&#8221;15&#8243; pix_padding_top=&#8221;pix-padding-top-xl&#8221; gradient_colors=&#8221;%5B%7B%7D%5D&#8221; awb_type=&#8221;color&#8221; awb_color=&#8221;#f7f8f9&#8243; pix_padding=&#8221;pix-padding-both&#8221; pix_padding_size=&#8221;pix-padding-xl&#8221;][vc_column width=&#8221;1\/3&#8243;][common_icon_box style=&#8221;pix-item-default pix-item-default-bordered&#8221; icon_type=&#8221;font&#8221; icon_pixsimple=&#8221;icon-calendar&#8221; icon_size=&#8221;pix-icon-m&#8221; position_with_center=&#8221;pix-text-center&#8221; link=&#8221;|||&#8221; title=&#8221;Se trabaja sobre programaci\u00f3n de cita&#8221;]Mayor aprecio y preocupaci\u00f3n por las inversiones de nuestros clientes junto a la mejor experiencia humana.[\/common_icon_box][vc_empty_space height=&#8221;20px&#8221;][common_icon_box style=&#8221;pix-item-default pix-item-default-bordered&#8221; icon_type=&#8221;font&#8221; icon_pixsimple=&#8221;icon-book-open&#8221; icon_size=&#8221;pix-icon-m&#8221; position_with_center=&#8221;pix-text-center&#8221; link=&#8221;|||&#8221; title=&#8221;Soporte Remoto&#8221;]Tendr\u00e1s una r\u00e1pida soluci\u00f3n a tus problemas con [&hellip;]<\/p>\n","protected":false},"author":1,"featured_media":0,"parent":0,"menu_order":0,"comment_status":"closed","ping_status":"closed","template":"page-no-padding.php","meta":[],"_links":{"self":[{"href":"https:\/\/www.compu-tecnia.com\/index.php\/wp-json\/wp\/v2\/pages\/3791"}],"collection":[{"href":"https:\/\/www.compu-tecnia.com\/index.php\/wp-json\/wp\/v2\/pages"}],"about":[{"href":"https:\/\/www.compu-tecnia.com\/index.php\/wp-json\/wp\/v2\/types\/page"}],"author":[{"embeddable":true,"href":"https:\/\/www.compu-tecnia.com\/index.php\/wp-json\/wp\/v2\/users\/1"}],"replies":[{"embeddable":true,"href":"https:\/\/www.compu-tecnia.com\/index.php\/wp-json\/wp\/v2\/comments?post=3791"}],"version-history":[{"count":62,"href":"https:\/\/www.compu-tecnia.com\/index.php\/wp-json\/wp\/v2\/pages\/3791\/revisions"}],"predecessor-version":[{"id":4238,"href":"https:\/\/www.compu-tecnia.com\/index.php\/wp-json\/wp\/v2\/pages\/3791\/revisions\/4238"}],"wp:attachment":[{"href":"https:\/\/www.compu-tecnia.com\/index.php\/wp-json\/wp\/v2\/media?parent=3791"}],"curies":[{"name":"wp","href":"https:\/\/api.w.org\/{rel}","templated":true}]}}