

{"id":586,"date":"2018-01-13T11:35:40","date_gmt":"2018-01-13T11:35:40","guid":{"rendered":"http:\/\/nordis.true-emotions.studio\/?page_id=586"},"modified":"2021-01-07T12:10:34","modified_gmt":"2021-01-07T18:10:34","slug":"nos","status":"publish","type":"page","link":"https:\/\/www.compu-tecnia.com\/index.php\/nos\/","title":{"rendered":"Nosotros"},"content":{"rendered":"<p>[vc_row full_width=&#8221;stretch_row&#8221; gap=&#8221;15&#8243; pix_padding_top=&#8221;pix-top-no-padding&#8221; gradient_colors=&#8221;%5B%7B%7D%5D&#8221; awb_type=&#8221;color&#8221; pix_padding=&#8221;pix-padding-both&#8221; pix_padding_size=&#8221;pix-padding-xl&#8221; css=&#8221;.vc_custom_1529232021936{background-color: #ffffff !important;}&#8221;][vc_column width=&#8221;1\/3&#8243;][common_icon_box style=&#8221;pix-item-default pix-item-default-bordered&#8221; icon_type=&#8221;font&#8221; icon_pixsimple=&#8221;icon-calendar&#8221; icon_size=&#8221;pix-icon-m&#8221; position_with_center=&#8221;pix-text-center&#8221; link=&#8221;|||&#8221; title=&#8221;Trabajamos con cita virtual&#8221; btn_txt=&#8221;leer m\u00e1s&#8221;]Mayor aprecio y preocupaci\u00f3n por las inversiones de nuestros clientes y la experiencia humana.[\/common_icon_box][vc_empty_space height=&#8221;20px&#8221;][common_icon_box style=&#8221;pix-item-default pix-item-default-bordered&#8221; icon_type=&#8221;font&#8221; icon_pixsimple=&#8221;icon-book-open&#8221; icon_size=&#8221;pix-icon-m&#8221; position_with_center=&#8221;pix-text-center&#8221; link=&#8221;|||&#8221; title=&#8221;Soporte Remoto&#8221; btn_txt=&#8221;leer m\u00e1s&#8221;]Tendr\u00e1s una r\u00e1pida soluci\u00f3n a tus problemas con la computadora, sistema o red inform\u00e1tica.[\/common_icon_box][\/vc_column][vc_column width=&#8221;1\/3&#8243;][common_icon_box style=&#8221;pix-item-default pix-item-default-bordered&#8221; icon_type=&#8221;font&#8221; icon_pixsimple=&#8221;icon-wallet&#8221; icon_size=&#8221;pix-icon-m&#8221; position_with_center=&#8221;pix-text-center&#8221; link=&#8221;|||&#8221; title=&#8221;Bajo costo en el servicio&#8221; btn_txt=&#8221;leer m\u00e1s&#8221;]Ya que se evita la visita f\u00edsica, el servicio es m\u00e1s econ\u00f3mico[\/common_icon_box][vc_empty_space height=&#8221;20px&#8221;][common_icon_box style=&#8221;pix-item-default pix-item-default-bordered&#8221; icon_type=&#8221;font&#8221; icon_pixsimple=&#8221;icon-user-follow&#8221; icon_size=&#8221;pix-icon-m&#8221; position_with_center=&#8221;pix-text-center&#8221; link=&#8221;|||&#8221; title=&#8221;Servicio Garantizado&#8221; btn_txt=&#8221;leer m\u00e1s&#8221;]Si no est\u00e1s satisfecho con el servicio proporcionado, no se realiza el cargo a tu cuenta.[\/common_icon_box][\/vc_column][vc_column width=&#8221;1\/3&#8243;][common_icon_box style=&#8221;pix-item-default pix-item-default-bordered&#8221; icon_type=&#8221;font&#8221; icon_pixsimple=&#8221;icon-badge&#8221; icon_size=&#8221;pix-icon-m&#8221; position_with_center=&#8221;pix-text-center&#8221; link=&#8221;|||&#8221; title=&#8221;Especialistas con experiencia&#8221; btn_txt=&#8221;leer m\u00e1s&#8221;]M\u00e1s de 17 a\u00f1os nos respaldan[\/common_icon_box][vc_empty_space height=&#8221;20px&#8221;][common_icon_box style=&#8221;pix-item-default pix-item-default-bordered&#8221; icon_type=&#8221;font&#8221; icon_pixsimple=&#8221;icon-star&#8221; icon_size=&#8221;pix-icon-m&#8221; position_with_center=&#8221;pix-text-center&#8221; link=&#8221;|||&#8221; title=&#8221;Soporte Personalizado&#8221; btn_txt=&#8221;leer m\u00e1s&#8221;]Ten la confianza de que se te podr\u00e1 ayudar sin importar el problema que tengas con el equipo e independientemente del conocimiento que tengas sobre el tema.[\/common_icon_box][\/vc_column][\/vc_row][vc_row full_width=&#8221;stretch_row&#8221; pix_padding_top=&#8221;pix-top-no-padding&#8221; gradient_colors=&#8221;%5B%7B%7D%5D&#8221; awb_type=&#8221;image&#8221; awb_stretch=&#8221;1&#8243; awb_image_background_position=&#8221;50% 50%&#8221; awb_color=&#8221;rgba(17,17,17,0.75)&#8221; awb_parallax=&#8221;opacity&#8221; awb_parallax_speed=&#8221;0.5&#8243; pix_padding=&#8221;pix-padding-both&#8221; awb_image=&#8221;2877&#8243; css=&#8221;.vc_custom_1529337310595{padding-top: 130px !important;padding-bottom: 90px !important;background-image: url(https:\/\/irepair.true-emotions.studio\/wp-content\/uploads\/2018\/06\/images.jpg?id=3191) !important;}&#8221;][vc_column][common_title title=&#8221;Nuestro Equipo&#8221; color=&#8221;white-heading&#8221;][vc_empty_space height=&#8221;20px&#8221;][common_reviews style=&#8221;news-card-message&#8221; carousel_items=&#8221;3&#8243; items=&#8221;3&#8243; reviews=&#8221;%5B%7B%22image%22%3A%222937%22%2C%22name%22%3A%22Miguel%20%C3%81ngel%22%2C%22position%22%3A%22IT%20Business%20Partner%22%2C%22facebook%22%3A%22%2F%22%2C%22twitter%22%3A%22%2F%22%2C%22instagram%22%3A%22%2F%22%2C%22link%22%3A%22url%3A%252F%7C%7C%7C%22%2C%22content_d%22%3A%22Programador, Administrador%20de%20sistemas,%20Reparaci\u00f3n%20&amp;%20Dise\u00f1o%20de computadoras,%20sistemas,%20redes,%20clusters hadoop,%20cloud.%22%7D%2C%7B%22image%22%3A%221394%22%2C%22name%22%3A%22Ana%20Mtz.%22%2C%22position%22%3A%22Dise%C3%B1adora%20Gr%C3%A1fica%22%2C%22facebook%22%3A%22%2F%22%2C%22twitter%22%3A%22%2F%22%2C%22instagram%22%3A%22%2F%22%2C%22link%22%3A%22url%3A%252F%7C%7C%7C%22%2C%22content_d%22%3A%22Dise\u00f1o Gr\u00e1fico aplicado a invitaciones, publicidad, p\u00e1ginas web, etc.%22%7D%5D&#8221;][\/vc_column][\/vc_row][vc_row pix_padding_top=&#8221;pix-padding-top-xl&#8221; pix_padding_bottom=&#8221;pix-padding-bottom-xl&#8221; gradient_colors=&#8221;%5B%7B%7D%5D&#8221; pix_padding=&#8221;pix-padding-both&#8221; pix_padding_size=&#8221;pix-padding-xl&#8221;][vc_column width=&#8221;1\/2&#8243; gradient_colors=&#8221;%5B%7B%7D%5D&#8221; css=&#8221;.vc_custom_1515763197663{padding-left: 30px !important;}&#8221;][common_title title=&#8221;Estad\u00edsticas&#8221; position=&#8221;text-left&#8221; title_before=&#8221;&#8221;][vc_empty_space height=&#8221;20px&#8221;][common_progress values=&#8221;%5B%7B%22label%22%3A%22Soporte%20Remoto%22%2C%22value%22%3A%2280%22%7D%2C%7B%22label%22%3A%22Reparaci\u00f3n%20Remota%22%2C%22value%22%3A%2270%22%7D%2C%7B%22label%22%3A%22Correo%20Electr\u00f3nico%22%2C%22value%22%3A%2260%22%7D%2C%7B%22label%22%3A%22Adm\u00f3n.%20Servers%22%2C%22value%22%3A%2240%22%7D%5D&#8221;][\/vc_column][vc_column width=&#8221;1\/2&#8243; gradient_colors=&#8221;%5B%7B%7D%5D&#8221; css=&#8221;.vc_custom_1515172846616{padding-left: 35px !important;}&#8221;][common_title title=&#8221;Lo que nuestros clientes dicen&#8230;&#8221; position=&#8221;text-left&#8221; title_before=&#8221;&#8221; css=&#8221;.vc_custom_1609431684645{padding-left: 65px !important;}&#8221;][vc_empty_space height=&#8221;20px&#8221;][common_reviews radius=&#8221;pix-round&#8221; carousel_items=&#8221;1&#8243; shadow=&#8221;pix-shadow&#8221; shadow_color=&#8221;#000000&#8243; items=&#8221;1&#8243; loop=&#8221;on&#8221; margin=&#8221;65&#8243; padding=&#8221;35&#8243; reviews=&#8221;%5B%7B%22image%22%3A%223404%22%2C%22name%22%3A%22Jason%20Doe%22%2C%22position%22%3A%22Founder%22%2C%22facebook%22%3A%22%2F%22%2C%22twitter%22%3A%22%2F%22%2C%22instagram%22%3A%22%2F%22%2C%22content_d%22%3A%22Mirum%20est%20notare%20quam%20littera%20gothica%2C%20quam%20nunc%20putamus%20parum%20claram%2C%20anteposuerit%20litterarum%20formas%20humanitatis%20per%20seacula%20quarta%20decima.%22%7D%2C%7B%22image%22%3A%222889%22%2C%22name%22%3A%22Jannet%20Doe%22%2C%22position%22%3A%22Founder%22%2C%22content_d%22%3A%22Mirum%20est%20notare%20quam%20littera%20gothica%2C%20quam%20nunc%20putamus%20parum%20claram%2C%20anteposuerit%20litterarum%20formas%20humanitatis%20per%20seacula%20quarta%20decima.%22%7D%2C%7B%22image%22%3A%222888%22%2C%22name%22%3A%22Bill%20Doe%22%2C%22position%22%3A%22Founder%22%2C%22instagram%22%3A%22%2F%22%2C%22content_d%22%3A%22Mirum%20est%20notare%20quam%20littera%20gothica%2C%20quam%20nunc%20putamus%20parum%20claram%2C%20anteposuerit%20litterarum%20formas%20humanitatis%20per%20seacula%20quarta%20decima.%22%7D%5D&#8221;][\/vc_column][\/vc_row]<\/p>\n","protected":false},"excerpt":{"rendered":"<p>[vc_row full_width=&#8221;stretch_row&#8221; gap=&#8221;15&#8243; pix_padding_top=&#8221;pix-top-no-padding&#8221; gradient_colors=&#8221;%5B%7B%7D%5D&#8221; awb_type=&#8221;color&#8221; pix_padding=&#8221;pix-padding-both&#8221; pix_padding_size=&#8221;pix-padding-xl&#8221; css=&#8221;.vc_custom_1529232021936{background-color: #ffffff !important;}&#8221;][vc_column width=&#8221;1\/3&#8243;][common_icon_box style=&#8221;pix-item-default pix-item-default-bordered&#8221; icon_type=&#8221;font&#8221; icon_pixsimple=&#8221;icon-calendar&#8221; icon_size=&#8221;pix-icon-m&#8221; position_with_center=&#8221;pix-text-center&#8221; link=&#8221;|||&#8221; title=&#8221;Trabajamos con cita virtual&#8221; btn_txt=&#8221;leer m\u00e1s&#8221;]Mayor aprecio y preocupaci\u00f3n por las inversiones de nuestros clientes y la experiencia humana.[\/common_icon_box][vc_empty_space height=&#8221;20px&#8221;][common_icon_box style=&#8221;pix-item-default pix-item-default-bordered&#8221; icon_type=&#8221;font&#8221; icon_pixsimple=&#8221;icon-book-open&#8221; icon_size=&#8221;pix-icon-m&#8221; position_with_center=&#8221;pix-text-center&#8221; link=&#8221;|||&#8221; title=&#8221;Soporte Remoto&#8221; btn_txt=&#8221;leer m\u00e1s&#8221;]Tendr\u00e1s una r\u00e1pida soluci\u00f3n a tus [&hellip;]<\/p>\n","protected":false},"author":1,"featured_media":0,"parent":0,"menu_order":0,"comment_status":"closed","ping_status":"closed","template":"","meta":[],"_links":{"self":[{"href":"https:\/\/www.compu-tecnia.com\/index.php\/wp-json\/wp\/v2\/pages\/586"}],"collection":[{"href":"https:\/\/www.compu-tecnia.com\/index.php\/wp-json\/wp\/v2\/pages"}],"about":[{"href":"https:\/\/www.compu-tecnia.com\/index.php\/wp-json\/wp\/v2\/types\/page"}],"author":[{"embeddable":true,"href":"https:\/\/www.compu-tecnia.com\/index.php\/wp-json\/wp\/v2\/users\/1"}],"replies":[{"embeddable":true,"href":"https:\/\/www.compu-tecnia.com\/index.php\/wp-json\/wp\/v2\/comments?post=586"}],"version-history":[{"count":19,"href":"https:\/\/www.compu-tecnia.com\/index.php\/wp-json\/wp\/v2\/pages\/586\/revisions"}],"predecessor-version":[{"id":4300,"href":"https:\/\/www.compu-tecnia.com\/index.php\/wp-json\/wp\/v2\/pages\/586\/revisions\/4300"}],"wp:attachment":[{"href":"https:\/\/www.compu-tecnia.com\/index.php\/wp-json\/wp\/v2\/media?parent=586"}],"curies":[{"name":"wp","href":"https:\/\/api.w.org\/{rel}","templated":true}]}}