

{"id":678,"date":"2018-01-15T13:07:15","date_gmt":"2018-01-15T13:07:15","guid":{"rendered":"http:\/\/nordis.true-emotions.studio\/?page_id=678"},"modified":"2020-12-31T18:17:40","modified_gmt":"2021-01-01T00:17:40","slug":"contacts","status":"publish","type":"page","link":"https:\/\/www.compu-tecnia.com\/index.php\/contacts\/?lang=en","title":{"rendered":"Contact"},"content":{"rendered":"<p>[vc_row pix_padding_top=&#8221;pix-top-no-padding&#8221; pix_padding_bottom=&#8221;pix-padding-bottom-xl&#8221; gradient_colors=&#8221;%5B%7B%7D%5D&#8221; pix_padding=&#8221;pix-padding-both&#8221; pix_padding_size=&#8221;pix-padding-xl&#8221; css=&#8221;.vc_custom_1524661307004{margin-bottom: -20px !important;}&#8221;][vc_column][vc_row_inner][vc_column_inner width=&#8221;1\/3&#8243; css=&#8221;.vc_custom_1529228742136{padding-right: 10px !important;}&#8221;][common_icon_box icon_type=&#8221;font&#8221; icon_pixsimple=&#8221;icon-map&#8221; icon_size=&#8221;pix-icon-m&#8221; icon_shape=&#8221;round&#8221; icon_color=&#8221;pix-icon-default&#8221; content_position=&#8221;pix-middle&#8221;]<strong>Office location<\/strong> &#8211;<span lang=\"en\">We are located on the L\u00e1zaro C\u00e1rdenas Circuit of the L\u00e1zaro C\u00e1rdenas neighborhood almost in front of the Ter\u00e1n Laboratory, if you locate the Home Depot going on the avenue (named before carretera a Huimilpan) towards Huimilpan, exactly when you get to the traffic light of the Washington School there you Turn to your right to the next corner (where the canal begins) you go right again and that street would be the L\u00e1zaro C\u00e1rdenas Circuit.<\/span>[\/common_icon_box][\/vc_column_inner][vc_column_inner width=&#8221;1\/3&#8243;][common_icon_box icon_type=&#8221;font&#8221; icon_pixsimple=&#8221;icon-clock&#8221; icon_size=&#8221;pix-icon-m&#8221; icon_shape=&#8221;round&#8221; icon_color=&#8221;pix-icon-default&#8221; content_position=&#8221;pix-middle&#8221;]<strong>Remote Support: <\/strong>Mon-Fri from 10am-7pm<br \/>\n<strong>Cybercafe: <\/strong> Monday to Friday we work from<br \/>\n10:00 AM to 8:00 PM<br \/>\n<strong>Cybercafe: <\/strong> Saturday from 10:00 AM to 8:00 PM<br \/>\n<strong>Cybercafe: <\/strong> Sunday from 12:00 PM to 8:00 PM[\/common_icon_box][\/vc_column_inner][vc_column_inner width=&#8221;1\/3&#8243;][common_icon_box icon_type=&#8221;font&#8221; icon_pixsimple=&#8221;icon-location-pin&#8221; icon_size=&#8221;pix-icon-m&#8221; icon_shape=&#8221;round&#8221; icon_color=&#8221;pix-icon-default&#8221; content_position=&#8221;pix-bottom&#8221;]<strong>Address:<\/strong> Circuito Lazaro Cardenas #795<br \/>\n<strong>Phone:<\/strong> +52 1 442 2423902<br \/>\n<strong>Email:<\/strong> <a href=\"mailto:mventura@compu-tecnia.com\">mventura@compu-tecnia.com<\/a>[\/common_icon_box][\/vc_column_inner][\/vc_row_inner][vc_row_inner pix_padding_top=&#8221;pix-padding-top-s&#8221; gradient_colors=&#8221;%5B%7B%7D%5D&#8221;][vc_column_inner][common_cform7 form_id=&#8221;3491&#8243;][\/vc_column_inner][\/vc_row_inner][\/vc_column][\/vc_row][vc_row full_width=&#8221;stretch_row_content_no_spaces&#8221; pix_padding_top=&#8221;pix-top-no-padding&#8221; pix_padding_bottom=&#8221;pix-bottom-no-padding&#8221; gradient_colors=&#8221;%5B%7B%7D%5D&#8221; ppadding=&#8221;pix-vc_row-no-padding&#8221;][vc_column][common_google_map image=&#8221;3284&#8243; locations=&#8221;%5B%7B%22latlng%22%3A%2240.6700%2C-73.9400%22%2C%22description%22%3A%22New%20York%20-%20685%20Lane%20Drive%20St.%20%20%22%7D%2C%7B%22latlng%22%3A%2240.3483734%2C-74.7048619%22%2C%22description%22%3A%22Princeton%20-%20685%20Lane%20Drive%20St.%22%7D%5D&#8221;][\/vc_column][\/vc_row]<\/p>\n","protected":false},"excerpt":{"rendered":"<p>[vc_row pix_padding_top=&#8221;pix-top-no-padding&#8221; pix_padding_bottom=&#8221;pix-padding-bottom-xl&#8221; gradient_colors=&#8221;%5B%7B%7D%5D&#8221; pix_padding=&#8221;pix-padding-both&#8221; pix_padding_size=&#8221;pix-padding-xl&#8221; css=&#8221;.vc_custom_1524661307004{margin-bottom: -20px !important;}&#8221;][vc_column][vc_row_inner][vc_column_inner width=&#8221;1\/3&#8243; css=&#8221;.vc_custom_1529228742136{padding-right: 10px !important;}&#8221;][common_icon_box icon_type=&#8221;font&#8221; icon_pixsimple=&#8221;icon-map&#8221; icon_size=&#8221;pix-icon-m&#8221; icon_shape=&#8221;round&#8221; icon_color=&#8221;pix-icon-default&#8221; content_position=&#8221;pix-middle&#8221;]Office location &#8211;We are located on the L\u00e1zaro C\u00e1rdenas Circuit of the L\u00e1zaro C\u00e1rdenas neighborhood almost in front of the Ter\u00e1n Laboratory, if you locate the Home Depot going on the avenue (named before carretera a Huimilpan) [&hellip;]<\/p>\n","protected":false},"author":1,"featured_media":0,"parent":0,"menu_order":0,"comment_status":"closed","ping_status":"closed","template":"","meta":[],"_links":{"self":[{"href":"https:\/\/www.compu-tecnia.com\/index.php\/wp-json\/wp\/v2\/pages\/678"}],"collection":[{"href":"https:\/\/www.compu-tecnia.com\/index.php\/wp-json\/wp\/v2\/pages"}],"about":[{"href":"https:\/\/www.compu-tecnia.com\/index.php\/wp-json\/wp\/v2\/types\/page"}],"author":[{"embeddable":true,"href":"https:\/\/www.compu-tecnia.com\/index.php\/wp-json\/wp\/v2\/users\/1"}],"replies":[{"embeddable":true,"href":"https:\/\/www.compu-tecnia.com\/index.php\/wp-json\/wp\/v2\/comments?post=678"}],"version-history":[{"count":6,"href":"https:\/\/www.compu-tecnia.com\/index.php\/wp-json\/wp\/v2\/pages\/678\/revisions"}],"predecessor-version":[{"id":4241,"href":"https:\/\/www.compu-tecnia.com\/index.php\/wp-json\/wp\/v2\/pages\/678\/revisions\/4241"}],"wp:attachment":[{"href":"https:\/\/www.compu-tecnia.com\/index.php\/wp-json\/wp\/v2\/media?parent=678"}],"curies":[{"name":"wp","href":"https:\/\/api.w.org\/{rel}","templated":true}]}}